{"id":579,"date":"2025-10-22T10:27:59","date_gmt":"2025-10-22T10:27:59","guid":{"rendered":"https:\/\/premmar.pl\/?page_id=579"},"modified":"2025-10-22T13:34:16","modified_gmt":"2025-10-22T13:34:16","slug":"wycena","status":"publish","type":"page","link":"https:\/\/premmar.pl\/de\/wycena\/","title":{"rendered":"Daten f\u00fcr die Kostensch\u00e4tzung"},"content":{"rendered":"<style id=\"wpforms-css-vars-581-block-1cb4e135-582b-4d7a-81d4-c75f1ac2faf8\">\n\t\t\t\t#wpforms-581.wpforms-block-1cb4e135-582b-4d7a-81d4-c75f1ac2faf8 {\n\t\t\t\t--wpforms-field-size-input-height: 43px;\n--wpforms-field-size-input-spacing: 15px;\n--wpforms-field-size-font-size: 16px;\n--wpforms-field-size-line-height: 19px;\n--wpforms-field-size-padding-h: 14px;\n--wpforms-field-size-checkbox-size: 16px;\n--wpforms-field-size-sublabel-spacing: 5px;\n--wpforms-field-size-icon-size: 1;\n--wpforms-label-size-font-size: 16px;\n--wpforms-label-size-line-height: 19px;\n--wpforms-label-size-sublabel-font-size: 14px;\n--wpforms-label-size-sublabel-line-height: 17px;\n--wpforms-button-size-font-size: 17px;\n--wpforms-button-size-height: 41px;\n--wpforms-button-size-padding-h: 15px;\n--wpforms-button-size-margin-top: 10px;\n\t\t\t}\n\t\t\t<\/style><div class=\"wpforms-container wpforms-container-full wpforms-block wpforms-block-1cb4e135-582b-4d7a-81d4-c75f1ac2faf8 wpforms-render-modern\" id=\"wpforms-581\"><form id=\"wpforms-form-581\" class=\"wpforms-validate wpforms-form wpforms-ajax-form\" data-formid=\"581\" method=\"post\" enctype=\"multipart\/form-data\" action=\"\/de\/wp-json\/wp\/v2\/pages\/579\" data-token=\"fda68ea653170ffafc62e3457e3daa61\" data-token-time=\"1776292883\" data-trp-original-action=\"\/de\/wp-json\/wp\/v2\/pages\/579\"><noscript class=\"wpforms-error-noscript\">Bitte aktiviere JavaScript in deinem Browser, um dieses Formular fertigzustellen.<\/noscript><div id=\"wpforms-error-noscript\" style=\"display: none;\">Bitte aktiviere JavaScript in deinem Browser, um dieses Formular fertigzustellen.<\/div><div class=\"wpforms-field-container\"><div id=\"wpforms-581-field_1-container\" class=\"wpforms-field wpforms-field-name\" data-field-id=\"1\"><label class=\"wpforms-field-label\" for=\"wpforms-581-field_1\">Name und Nachname <span class=\"wpforms-required-label\" aria-hidden=\"true\">*<\/span><\/label><input type=\"text\" id=\"wpforms-581-field_1\" class=\"wpforms-field-medium wpforms-field-required\" name=\"wpforms[fields][1]\" aria-errormessage=\"wpforms-581-field_1-error\" required><\/div><div id=\"wpforms-581-field_2-container\" class=\"wpforms-field wpforms-field-email\" data-field-id=\"2\"><label class=\"wpforms-field-label\" for=\"wpforms-581-field_2\">Email <span class=\"wpforms-required-label\" aria-hidden=\"true\">*<\/span><\/label><input type=\"email\" id=\"wpforms-581-field_2\" class=\"wpforms-field-medium wpforms-field-required\" name=\"wpforms[fields][2]\" spellcheck=\"false\" aria-errormessage=\"wpforms-581-field_2-error\" required><\/div><div id=\"wpforms-581-field_5-container\" class=\"wpforms-field wpforms-field-text\" data-field-id=\"5\"><label class=\"wpforms-field-label\" for=\"wpforms-581-field_5\">Liefer- oder Montageort (Stadt)<\/label><input type=\"text\" id=\"wpforms-581-field_5\" class=\"wpforms-field-medium\" name=\"wpforms[fields][5]\" aria-errormessage=\"wpforms-581-field_5-error\" ><\/div><div id=\"wpforms-581-field_10-container\" class=\"wpforms-field wpforms-field-text\" data-field-id=\"10\"><label class=\"wpforms-field-label\" for=\"wpforms-581-field_10\">Wymiary (je\u015bli wiadomo)<\/label><input type=\"text\" id=\"wpforms-581-field_10\" class=\"wpforms-field-medium\" name=\"wpforms[fields][10]\" aria-errormessage=\"wpforms-581-field_10-error\" ><\/div><div id=\"wpforms-581-field_19-container\" class=\"wpforms-field wpforms-field-select wpforms-field-select-style-classic\" data-field-id=\"19\"><label class=\"wpforms-field-label\" for=\"wpforms-581-field_19\">Typ monta\u017cu<\/label><select id=\"wpforms-581-field_19\" class=\"wpforms-field-medium\" name=\"wpforms[fields][19]\"><option value=\"Od wewn\u0105trz\"  class=\"choice-2 depth-1\"  >Od wewn\u0105trz<\/option><option value=\"Od zewn\u0105trz\"  class=\"choice-3 depth-1\"  >Od zewn\u0105trz<\/option><option value=\"W \u015bwietle otworu\"  class=\"choice-1 depth-1\"  >W \u015bwietle otworu<\/option><\/select><\/div><div id=\"wpforms-581-field_12-container\" class=\"wpforms-field wpforms-field-select wpforms-field-select-style-classic\" data-field-id=\"12\"><label class=\"wpforms-field-label\" for=\"wpforms-581-field_12\">Wybierz produkt 1<\/label><select id=\"wpforms-581-field_12\" class=\"wpforms-field-medium\" name=\"wpforms[fields][12]\"><option value=\"Brama rolowana\"  class=\"choice-1 depth-1\"  >Brama rolowana<\/option><option value=\"Krata rolowana\"  class=\"choice-8 depth-1\"  >Krata rolowana<\/option><option value=\"Roleta\"  class=\"choice-2 depth-1\"  >Roleta<\/option><option value=\"\u017baluzje fasadowe\"  class=\"choice-3 depth-1\"  >\u017baluzje fasadowe<\/option><option value=\"Pergole\"  class=\"choice-4 depth-1\"  >Pergolen<\/option><option value=\"Pokrywa basenowa\"  class=\"choice-5 depth-1\"  >Pokrywa basenowa<\/option><option value=\"Brama segmentowa\"  class=\"choice-6 depth-1\"  >Brama segmentowa<\/option><option value=\"Brama prze\u017aroczysta\"  class=\"choice-7 depth-1\"  >Brama prze\u017aroczysta<\/option><option value=\"Brama wielkogabarytowa\"  class=\"choice-9 depth-1\"  >Brama wielkogabarytowa<\/option><option value=\"Sam monta\u017c\"  class=\"choice-10 depth-1\"  >Sam monta\u017c<\/option><\/select><\/div>\t\t<div id=\"wpforms-581-field_4-container\"\n\t\t\tclass=\"wpforms-field wpforms-field-text\"\n\t\t\tdata-field-type=\"text\"\n\t\t\tdata-field-id=\"4\"\n\t\t\t>\n\t\t\t<label class=\"wpforms-field-label\" for=\"wpforms-581-field_4\" >1) Wybierz Wybierz<\/label>\n\t\t\t<input type=\"text\" id=\"wpforms-581-field_4\" class=\"wpforms-field-medium\" name=\"wpforms[fields][4]\" >\n\t\t<\/div>\n\t\t<div id=\"wpforms-581-field_16-container\" class=\"wpforms-field wpforms-field-number\" data-field-id=\"16\"><label class=\"wpforms-field-label\" for=\"wpforms-581-field_16\">Ilo\u015b\u0107 (produkt 1)<\/label><input type=\"number\" id=\"wpforms-581-field_16\" class=\"wpforms-field-medium\" name=\"wpforms[fields][16]\" step=\"any\" aria-errormessage=\"wpforms-581-field_16-error\" ><\/div><div id=\"wpforms-581-field_14-container\" class=\"wpforms-field wpforms-field-select wpforms-field-select-style-classic\" data-field-id=\"14\"><label class=\"wpforms-field-label\" for=\"wpforms-581-field_14\">Wybierz produkt nr 2<\/label><select id=\"wpforms-581-field_14\" class=\"wpforms-field-medium\" name=\"wpforms[fields][14]\"><option value=\"-\"  class=\"choice-11 depth-1\"  >&#8211;<\/option><option value=\"Brama rolowana\"  class=\"choice-1 depth-1\"  >Brama rolowana<\/option><option value=\"Krata rolowana\"  class=\"choice-8 depth-1\"  >Krata rolowana<\/option><option value=\"Roleta\"  class=\"choice-2 depth-1\"  >Roleta<\/option><option value=\"\u017baluzje fasadowe\"  class=\"choice-3 depth-1\"  >\u017baluzje fasadowe<\/option><option value=\"Pergole\"  class=\"choice-4 depth-1\"  >Pergolen<\/option><option value=\"Pokrywa basenowa\"  class=\"choice-5 depth-1\"  >Pokrywa basenowa<\/option><option value=\"Brama segmentowa\"  class=\"choice-6 depth-1\"  >Brama segmentowa<\/option><option value=\"Brama prze\u017aroczysta\"  class=\"choice-7 depth-1\"  >Brama prze\u017aroczysta<\/option><option value=\"Brama wielkogabarytowa\"  class=\"choice-9 depth-1\"  >Brama wielkogabarytowa<\/option><option value=\"Sam monta\u017c\"  class=\"choice-10 depth-1\"  >Sam monta\u017c<\/option><\/select><\/div><div id=\"wpforms-581-field_17-container\" class=\"wpforms-field wpforms-field-number\" data-field-id=\"17\"><label class=\"wpforms-field-label\" for=\"wpforms-581-field_17\">Ilo\u015b\u0107 (produkt 2)<\/label><input type=\"number\" id=\"wpforms-581-field_17\" class=\"wpforms-field-medium\" name=\"wpforms[fields][17]\" step=\"any\" aria-errormessage=\"wpforms-581-field_17-error\" ><\/div><div id=\"wpforms-581-field_13-container\" class=\"wpforms-field wpforms-field-checkbox\" data-field-id=\"13\"><fieldset><legend class=\"wpforms-field-label\">Wybierz typ us\u0142ugi<\/legend><ul id=\"wpforms-581-field_13\"><li class=\"choice-1 depth-1\"><input type=\"checkbox\" id=\"wpforms-581-field_13_1\" name=\"wpforms[fields][13][]\" value=\"Produkt z monta\u017cem\" aria-errormessage=\"wpforms-581-field_13_1-error\"  ><label class=\"wpforms-field-label-inline\" for=\"wpforms-581-field_13_1\">Produkt z monta\u017cem<\/label><\/li><li class=\"choice-2 depth-1\"><input type=\"checkbox\" id=\"wpforms-581-field_13_2\" name=\"wpforms[fields][13][]\" value=\"Produkt bez monta\u017cu\" aria-errormessage=\"wpforms-581-field_13_2-error\"  ><label class=\"wpforms-field-label-inline\" for=\"wpforms-581-field_13_2\">Produkt bez monta\u017cu<\/label><\/li><li class=\"choice-3 depth-1\"><input type=\"checkbox\" id=\"wpforms-581-field_13_3\" name=\"wpforms[fields][13][]\" value=\"Monta\u017c produktu kt\u00f3ry ju\u017c posiadam\" aria-errormessage=\"wpforms-581-field_13_3-error\"  ><label class=\"wpforms-field-label-inline\" for=\"wpforms-581-field_13_3\">Monta\u017c produktu kt\u00f3ry ju\u017c posiadam<\/label><\/li><\/ul><\/fieldset><\/div><div id=\"wpforms-581-field_3-container\" class=\"wpforms-field wpforms-field-textarea\" data-field-id=\"3\"><label class=\"wpforms-field-label\" for=\"wpforms-581-field_3\">Informacje dodatkowe<\/label><textarea id=\"wpforms-581-field_3\" class=\"wpforms-field-medium\" name=\"wpforms[fields][3]\" aria-errormessage=\"wpforms-581-field_3-error\" ><\/textarea><\/div><script>\n\t\t\t\t( function() {\n\t\t\t\t\tconst style = document.createElement( 'style' );\n\t\t\t\t\tstyle.appendChild( document.createTextNode( '#wpforms-581-field_4-container { position: absolute !important; overflow: hidden !important; display: inline !important; height: 1px !important; width: 1px !important; z-index: -1000 !important; padding: 0 !important; } #wpforms-581-field_4-container input { visibility: hidden; } #wpforms-conversational-form-page #wpforms-581-field_4-container label { counter-increment: none; }' ) );\n\t\t\t\t\tdocument.head.appendChild( style );\n\t\t\t\t\tdocument.currentScript?.remove();\n\t\t\t\t} )();\n\t\t\t<\/script><\/div><!-- .wpforms-field-container --><div class=\"wpforms-recaptcha-container wpforms-is-hcaptcha\" ><div class=\"g-recaptcha\" data-sitekey=\"5aa27c9a-9378-42dc-a5b2-7162dc321164\"><\/div><input type=\"text\" name=\"g-recaptcha-hidden\" class=\"wpforms-recaptcha-hidden\" style=\"position:absolute!important;clip:rect(0,0,0,0)!important;height:1px!important;width:1px!important;border:0!important;overflow:hidden!important;padding:0!important;margin:0!important;\" data-rule-hcaptcha=\"1\"><\/div><div class=\"wpforms-submit-container\" ><input type=\"hidden\" name=\"wpforms[id]\" value=\"581\"><input type=\"hidden\" name=\"page_title\" value=\"\"><input type=\"hidden\" name=\"page_url\" value=\"https:\/\/premmar.pl\/de\/wp-json\/wp\/v2\/pages\/579\"><input type=\"hidden\" name=\"url_referer\" value=\"\"><button type=\"submit\" name=\"wpforms[submit]\" id=\"wpforms-submit-581\" class=\"wpforms-submit\" data-alt-text=\"Sending...\" data-submit-text=\"Submit\" aria-live=\"assertive\" value=\"wpforms-submit\">Submit<\/button><img loading=\"lazy\" decoding=\"async\" src=\"https:\/\/premmar.pl\/wp-content\/plugins\/wpforms-lite\/assets\/images\/submit-spin.svg\" class=\"wpforms-submit-spinner\" style=\"display: none;\" width=\"26\" height=\"26\" alt=\"Wird geladen\"><\/div><input type=\"hidden\" name=\"trp-form-language\" value=\"de\"\/><\/form><\/div>  <!-- .wpforms-container -->","protected":false},"excerpt":{"rendered":"","protected":false},"author":1,"featured_media":0,"parent":0,"menu_order":0,"comment_status":"closed","ping_status":"closed","template":"pusty-template","meta":{"_kadence_starter_templates_imported_post":false,"footnotes":""},"class_list":["post-579","page","type-page","status-publish","hentry"],"_links":{"self":[{"href":"https:\/\/premmar.pl\/de\/wp-json\/wp\/v2\/pages\/579","targetHints":{"allow":["GET"]}}],"collection":[{"href":"https:\/\/premmar.pl\/de\/wp-json\/wp\/v2\/pages"}],"about":[{"href":"https:\/\/premmar.pl\/de\/wp-json\/wp\/v2\/types\/page"}],"author":[{"embeddable":true,"href":"https:\/\/premmar.pl\/de\/wp-json\/wp\/v2\/users\/1"}],"replies":[{"embeddable":true,"href":"https:\/\/premmar.pl\/de\/wp-json\/wp\/v2\/comments?post=579"}],"version-history":[{"count":0,"href":"https:\/\/premmar.pl\/de\/wp-json\/wp\/v2\/pages\/579\/revisions"}],"wp:attachment":[{"href":"https:\/\/premmar.pl\/de\/wp-json\/wp\/v2\/media?parent=579"}],"curies":[{"name":"wp","href":"https:\/\/api.w.org\/{rel}","templated":true}]}}