{"id":208,"date":"2025-07-22T16:52:15","date_gmt":"2025-07-22T16:52:15","guid":{"rendered":"https:\/\/premmar.pl\/?page_id=208"},"modified":"2025-09-22T09:03:25","modified_gmt":"2025-09-22T09:03:25","slug":"bramy-przezroczyste","status":"publish","type":"page","link":"https:\/\/premmar.pl\/de\/bramy-przezroczyste\/","title":{"rendered":"Bramy prze\u017aroczyste \u2013 bezpiecze\u0144stwo, widoczno\u015b\u0107 i nowoczesny design"},"content":{"rendered":"<p>Bramy prze\u017aroczyste to innowacyjne rozwi\u0105zanie, kt\u00f3re \u0142\u0105czy funkcjonalno\u015b\u0107 z estetyk\u0105. Dzi\u0119ki zastosowaniu przezroczystych materia\u0142\u00f3w, takich jak poliw\u0119glan czy hartowane szk\u0142o, zapewniaj\u0105 ochron\u0119 wn\u0119trza obiektu, a jednocze\u015bnie pozwalaj\u0105 zachowa\u0107 pe\u0142n\u0105 widoczno\u015b\u0107 przestrzeni. S\u0105 idealne do hal produkcyjnych, magazyn\u00f3w, sklep\u00f3w i miejsc, gdzie istotna jest kontrola nad tym, co dzieje si\u0119 wewn\u0105trz.<\/p>\n\n\n\n<p>Konstrukcja bram prze\u017aroczystych umo\u017cliwia szybkie i p\u0142ynne otwieranie oraz szczelne zamkni\u0119cie, co zwi\u0119ksza komfort u\u017cytkowania i poprawia izolacj\u0119 ciepln\u0105. Dodatkowo solidne materia\u0142y gwarantuj\u0105 odporno\u015b\u0107 na uszkodzenia mechaniczne i warunki atmosferyczne, a estetyczny wygl\u0105d sprawia, \u017ce brama doskonale wpisuje si\u0119 w nowoczesn\u0105 architektur\u0119.<\/p>\n\n\n\n<p><strong>Dlaczego warto wybra\u0107 nasze bramy prze\u017aroczyste?<\/strong><\/p>\n\n\n\n<ul class=\"wp-block-list\">\n<li>Bezpieczne i trwa\u0142e materia\u0142y odporne na uszkodzenia<\/li>\n\n\n\n<li>Zachowanie pe\u0142nej widoczno\u015bci wn\u0119trza obiektu<\/li>\n\n\n\n<li>Szybkie, ciche i p\u0142ynne dzia\u0142anie<\/li>\n\n\n\n<li>Poprawa izolacji cieplnej i akustycznej<\/li>\n\n\n\n<li>Nowoczesny design i mo\u017cliwo\u015b\u0107 automatyzacji<\/li>\n<\/ul>\n\n\n\n<p>Wybierz bramy prze\u017aroczyste, kt\u00f3re \u0142\u0105cz\u0105 funkcjonalno\u015b\u0107, bezpiecze\u0144stwo i elegancki wygl\u0105d, idealnie dopasowane do Twojego obiektu!<\/p>\n\n\n\n<figure class=\"wp-block-gallery has-nested-images columns-default is-cropped wp-block-gallery-1 is-layout-flex wp-block-gallery-is-layout-flex\">\n<figure class=\"wp-block-image size-full\"><img loading=\"lazy\" decoding=\"async\" width=\"757\" height=\"601\" data-id=\"533\" src=\"https:\/\/premmar.pl\/wp-content\/uploads\/2025\/09\/2024-08-11.jpg\" alt=\"\" class=\"wp-image-533\" srcset=\"https:\/\/premmar.pl\/wp-content\/uploads\/2025\/09\/2024-08-11.jpg 757w, https:\/\/premmar.pl\/wp-content\/uploads\/2025\/09\/2024-08-11-300x238.jpg 300w, https:\/\/premmar.pl\/wp-content\/uploads\/2025\/09\/2024-08-11-50x40.jpg 50w, https:\/\/premmar.pl\/wp-content\/uploads\/2025\/09\/2024-08-11-15x12.jpg 15w\" sizes=\"auto, (max-width: 757px) 100vw, 757px\" \/><\/figure>\n\n\n\n<figure class=\"wp-block-image size-full\"><img loading=\"lazy\" decoding=\"async\" width=\"1920\" height=\"2560\" data-id=\"491\" src=\"https:\/\/premmar.pl\/wp-content\/uploads\/2025\/09\/IMG_4660-scaled.jpg\" alt=\"\" class=\"wp-image-491\" srcset=\"https:\/\/premmar.pl\/wp-content\/uploads\/2025\/09\/IMG_4660-scaled.jpg 1920w, https:\/\/premmar.pl\/wp-content\/uploads\/2025\/09\/IMG_4660-225x300.jpg 225w, https:\/\/premmar.pl\/wp-content\/uploads\/2025\/09\/IMG_4660-768x1024.jpg 768w, https:\/\/premmar.pl\/wp-content\/uploads\/2025\/09\/IMG_4660-50x67.jpg 50w, https:\/\/premmar.pl\/wp-content\/uploads\/2025\/09\/IMG_4660-1600x2133.jpg 1600w, https:\/\/premmar.pl\/wp-content\/uploads\/2025\/09\/IMG_4660-1152x1536.jpg 1152w, https:\/\/premmar.pl\/wp-content\/uploads\/2025\/09\/IMG_4660-1536x2048.jpg 1536w, https:\/\/premmar.pl\/wp-content\/uploads\/2025\/09\/IMG_4660-9x12.jpg 9w\" sizes=\"auto, (max-width: 1920px) 100vw, 1920px\" \/><\/figure>\n<\/figure>","protected":false},"excerpt":{"rendered":"<p>Bramy prze\u017aroczyste to innowacyjne rozwi\u0105zanie, kt\u00f3re \u0142\u0105czy funkcjonalno\u015b\u0107 z estetyk\u0105. Dzi\u0119ki zastosowaniu przezroczystych materia\u0142\u00f3w, takich jak poliw\u0119glan czy hartowane szk\u0142o, zapewniaj\u0105 ochron\u0119 wn\u0119trza obiektu, a jednocze\u015bnie pozwalaj\u0105 zachowa\u0107 pe\u0142n\u0105 widoczno\u015b\u0107 przestrzeni. S\u0105 idealne do hal produkcyjnych, magazyn\u00f3w, sklep\u00f3w i miejsc, gdzie istotna jest kontrola nad tym, co dzieje si\u0119 wewn\u0105trz. Konstrukcja bram prze\u017aroczystych umo\u017cliwia szybkie [&hellip;]<\/p>","protected":false},"author":1,"featured_media":0,"parent":0,"menu_order":0,"comment_status":"closed","ping_status":"closed","template":"","meta":{"_kadence_starter_templates_imported_post":false,"footnotes":""},"class_list":["post-208","page","type-page","status-publish","hentry"],"_links":{"self":[{"href":"https:\/\/premmar.pl\/de\/wp-json\/wp\/v2\/pages\/208","targetHints":{"allow":["GET"]}}],"collection":[{"href":"https:\/\/premmar.pl\/de\/wp-json\/wp\/v2\/pages"}],"about":[{"href":"https:\/\/premmar.pl\/de\/wp-json\/wp\/v2\/types\/page"}],"author":[{"embeddable":true,"href":"https:\/\/premmar.pl\/de\/wp-json\/wp\/v2\/users\/1"}],"replies":[{"embeddable":true,"href":"https:\/\/premmar.pl\/de\/wp-json\/wp\/v2\/comments?post=208"}],"version-history":[{"count":0,"href":"https:\/\/premmar.pl\/de\/wp-json\/wp\/v2\/pages\/208\/revisions"}],"wp:attachment":[{"href":"https:\/\/premmar.pl\/de\/wp-json\/wp\/v2\/media?parent=208"}],"curies":[{"name":"wp","href":"https:\/\/api.w.org\/{rel}","templated":true}]}}