{"id":206,"date":"2025-08-19T19:24:55","date_gmt":"2025-08-19T19:24:55","guid":{"rendered":"https:\/\/premmar.pl\/?page_id=206"},"modified":"2025-09-22T09:04:59","modified_gmt":"2025-09-22T09:04:59","slug":"kraty","status":"publish","type":"page","link":"https:\/\/premmar.pl\/de\/kraty\/","title":{"rendered":"Kraty rolowane \u2013 bezpiecze\u0144stwo i elegancka ochrona witryn, sklep\u00f3w i obiekt\u00f3w komercyjnych"},"content":{"rendered":"<p>Dzi\u0119ki kompaktowej budowie krata rolowana zwija si\u0119 do skrzynki nad otworem, co pozwala na oszcz\u0119dno\u015b\u0107 miejsca i wygod\u0119 u\u017cytkowania. Solidne materia\u0142y i odporno\u015b\u0107 na warunki atmosferyczne gwarantuj\u0105 d\u0142ugotrwa\u0142\u0105 eksploatacj\u0119, a mo\u017cliwo\u015b\u0107 automatyzacji sprawia, \u017ce obs\u0142uga krat jest szybka i komfortowa.<\/p>\n\n\n\n<figure class=\"wp-block-gallery has-nested-images columns-default is-cropped wp-block-gallery-1 is-layout-flex wp-block-gallery-is-layout-flex\">\n<figure class=\"wp-block-image size-large\"><img loading=\"lazy\" decoding=\"async\" width=\"817\" height=\"627\" data-id=\"70\" src=\"https:\/\/premmar.pl\/wp-content\/uploads\/2025\/04\/2022-12-01-2.webp\" alt=\"\" class=\"wp-image-70\" srcset=\"https:\/\/premmar.pl\/wp-content\/uploads\/2025\/04\/2022-12-01-2.webp 817w, https:\/\/premmar.pl\/wp-content\/uploads\/2025\/04\/2022-12-01-2-300x230.webp 300w, https:\/\/premmar.pl\/wp-content\/uploads\/2025\/04\/2022-12-01-2-768x589.webp 768w\" sizes=\"auto, (max-width: 817px) 100vw, 817px\" \/><\/figure>\n\n\n\n<figure class=\"wp-block-image size-large\"><img loading=\"lazy\" decoding=\"async\" width=\"1024\" height=\"768\" data-id=\"71\" src=\"https:\/\/premmar.pl\/wp-content\/uploads\/2025\/04\/AKR-77E-1024x768.webp\" alt=\"\" class=\"wp-image-71\" srcset=\"https:\/\/premmar.pl\/wp-content\/uploads\/2025\/04\/AKR-77E-1024x768.webp 1024w, https:\/\/premmar.pl\/wp-content\/uploads\/2025\/04\/AKR-77E-300x225.webp 300w, https:\/\/premmar.pl\/wp-content\/uploads\/2025\/04\/AKR-77E-768x576.webp 768w, https:\/\/premmar.pl\/wp-content\/uploads\/2025\/04\/AKR-77E.webp 1360w\" sizes=\"auto, (max-width: 1024px) 100vw, 1024px\" \/><\/figure>\n\n\n\n<figure class=\"wp-block-image size-large\"><img loading=\"lazy\" decoding=\"async\" width=\"1024\" height=\"853\" data-id=\"68\" src=\"https:\/\/premmar.pl\/wp-content\/uploads\/2025\/04\/unnamed-5-1024x853.webp\" alt=\"\" class=\"wp-image-68\" srcset=\"https:\/\/premmar.pl\/wp-content\/uploads\/2025\/04\/unnamed-5-1024x853.webp 1024w, https:\/\/premmar.pl\/wp-content\/uploads\/2025\/04\/unnamed-5-300x250.webp 300w, https:\/\/premmar.pl\/wp-content\/uploads\/2025\/04\/unnamed-5-768x640.webp 768w, https:\/\/premmar.pl\/wp-content\/uploads\/2025\/04\/unnamed-5.webp 1099w\" sizes=\"auto, (max-width: 1024px) 100vw, 1024px\" \/><\/figure>\n<\/figure>\n\n\n\n<p><strong>Dlaczego warto wybra\u0107 nasze kraty rolowane?<\/strong><\/p>\n\n\n\n<ul class=\"wp-block-list\">\n<li>Wysoki poziom zabezpieczenia przed w\u0142amaniem<\/li>\n\n\n\n<li>Zachowanie widoczno\u015bci witryny i wentylacji pomieszczenia<\/li>\n\n\n\n<li>Kompaktowa konstrukcja oszcz\u0119dzaj\u0105ca przestrze\u0144<\/li>\n\n\n\n<li>Mo\u017cliwo\u015b\u0107 automatyzacji i sterowania pilotem<\/li>\n\n\n\n<li>Trwa\u0142e materia\u0142y odporne na uszkodzenia i warunki atmosferyczne<\/li>\n<\/ul>\n\n\n\n<p>Zadbaj o bezpiecze\u0144stwo i profesjonalny wygl\u0105d swojego lokalu \u2013 wybierz kraty rolowane dopasowane do Twoich potrzeb!<\/p>","protected":false},"excerpt":{"rendered":"<p>Dzi\u0119ki kompaktowej budowie krata rolowana zwija si\u0119 do skrzynki nad otworem, co pozwala na oszcz\u0119dno\u015b\u0107 miejsca i wygod\u0119 u\u017cytkowania. Solidne materia\u0142y i odporno\u015b\u0107 na warunki atmosferyczne gwarantuj\u0105 d\u0142ugotrwa\u0142\u0105 eksploatacj\u0119, a mo\u017cliwo\u015b\u0107 automatyzacji sprawia, \u017ce obs\u0142uga krat jest szybka i komfortowa. Dlaczego warto wybra\u0107 nasze kraty rolowane? Zadbaj o bezpiecze\u0144stwo i profesjonalny wygl\u0105d swojego lokalu \u2013 [&hellip;]<\/p>","protected":false},"author":1,"featured_media":0,"parent":0,"menu_order":0,"comment_status":"closed","ping_status":"closed","template":"","meta":{"_kadence_starter_templates_imported_post":false,"footnotes":""},"class_list":["post-206","page","type-page","status-publish","hentry"],"_links":{"self":[{"href":"https:\/\/premmar.pl\/de\/wp-json\/wp\/v2\/pages\/206","targetHints":{"allow":["GET"]}}],"collection":[{"href":"https:\/\/premmar.pl\/de\/wp-json\/wp\/v2\/pages"}],"about":[{"href":"https:\/\/premmar.pl\/de\/wp-json\/wp\/v2\/types\/page"}],"author":[{"embeddable":true,"href":"https:\/\/premmar.pl\/de\/wp-json\/wp\/v2\/users\/1"}],"replies":[{"embeddable":true,"href":"https:\/\/premmar.pl\/de\/wp-json\/wp\/v2\/comments?post=206"}],"version-history":[{"count":0,"href":"https:\/\/premmar.pl\/de\/wp-json\/wp\/v2\/pages\/206\/revisions"}],"wp:attachment":[{"href":"https:\/\/premmar.pl\/de\/wp-json\/wp\/v2\/media?parent=206"}],"curies":[{"name":"wp","href":"https:\/\/api.w.org\/{rel}","templated":true}]}}