{"id":204,"date":"2025-08-19T19:13:43","date_gmt":"2025-08-19T19:13:43","guid":{"rendered":"https:\/\/premmar.pl\/?page_id=204"},"modified":"2025-09-02T17:30:58","modified_gmt":"2025-09-02T17:30:58","slug":"moskitiery","status":"publish","type":"page","link":"https:\/\/premmar.pl\/de\/moskitiery\/","title":{"rendered":"Moskitiera \u2013 skuteczna ochrona przed owadami i komfort w Twoim domu"},"content":{"rendered":"<p>Moskitiera to praktyczne i estetyczne rozwi\u0105zanie, kt\u00f3re chroni wn\u0119trze domu przed owadami, jednocze\u015bnie umo\u017cliwiaj\u0105c swobodny przep\u0142yw powietrza. Dzi\u0119ki niej mo\u017cesz cieszy\u0107 si\u0119 \u015bwie\u017cym powietrzem bez ryzyka wizyt komar\u00f3w, much czy meszek \u2013 zar\u00f3wno w dzie\u0144, jak i w nocy.<\/p>\n\n\n\n<p>Dost\u0119pne w r\u00f3\u017cnych wariantach \u2013 moskitiery ramkowe, rolowane, plisowane czy drzwiowe \u2013 \u0142atwo dopasujesz do ka\u017cdego okna i drzwi tarasowych. Wykonane z wytrzyma\u0142ych materia\u0142\u00f3w, s\u0105 odporne na uszkodzenia i warunki atmosferyczne, a jednocze\u015bnie niemal niewidoczne, dzi\u0119ki czemu nie zak\u0142\u00f3caj\u0105 widoku na zewn\u0105trz.<\/p>\n\n\n\n<p><strong>Dlaczego warto wybra\u0107 nasze moskitiery?<\/strong><\/p>\n\n\n\n<ul class=\"wp-block-list\">\n<li>Skuteczna ochrona przed owadami i insektami<\/li>\n\n\n\n<li>Swobodny dop\u0142yw \u015bwie\u017cego powietrza<\/li>\n\n\n\n<li>Dyskretny wygl\u0105d i dopasowanie do ka\u017cdego okna<\/li>\n\n\n\n<li>Wysoka trwa\u0142o\u015b\u0107 i odporno\u015b\u0107 na uszkodzenia<\/li>\n\n\n\n<li>R\u00f3\u017cne warianty monta\u017cu: ramkowe, rolowane, plisowane i drzwiowe<\/li>\n<\/ul>\n\n\n\n<p>Zadbaj o komfort i spokojny sen \u2013 wybierz moskitiery dopasowane do Twojego domu!<\/p>","protected":false},"excerpt":{"rendered":"<p>Moskitiera to praktyczne i estetyczne rozwi\u0105zanie, kt\u00f3re chroni wn\u0119trze domu przed owadami, jednocze\u015bnie umo\u017cliwiaj\u0105c swobodny przep\u0142yw powietrza. Dzi\u0119ki niej mo\u017cesz cieszy\u0107 si\u0119 \u015bwie\u017cym powietrzem bez ryzyka wizyt komar\u00f3w, much czy meszek \u2013 zar\u00f3wno w dzie\u0144, jak i w nocy. Dost\u0119pne w r\u00f3\u017cnych wariantach \u2013 moskitiery ramkowe, rolowane, plisowane czy drzwiowe \u2013 \u0142atwo dopasujesz do ka\u017cdego [&hellip;]<\/p>","protected":false},"author":1,"featured_media":0,"parent":0,"menu_order":0,"comment_status":"closed","ping_status":"closed","template":"","meta":{"_kadence_starter_templates_imported_post":false,"footnotes":""},"class_list":["post-204","page","type-page","status-publish","hentry"],"_links":{"self":[{"href":"https:\/\/premmar.pl\/de\/wp-json\/wp\/v2\/pages\/204","targetHints":{"allow":["GET"]}}],"collection":[{"href":"https:\/\/premmar.pl\/de\/wp-json\/wp\/v2\/pages"}],"about":[{"href":"https:\/\/premmar.pl\/de\/wp-json\/wp\/v2\/types\/page"}],"author":[{"embeddable":true,"href":"https:\/\/premmar.pl\/de\/wp-json\/wp\/v2\/users\/1"}],"replies":[{"embeddable":true,"href":"https:\/\/premmar.pl\/de\/wp-json\/wp\/v2\/comments?post=204"}],"version-history":[{"count":0,"href":"https:\/\/premmar.pl\/de\/wp-json\/wp\/v2\/pages\/204\/revisions"}],"wp:attachment":[{"href":"https:\/\/premmar.pl\/de\/wp-json\/wp\/v2\/media?parent=204"}],"curies":[{"name":"wp","href":"https:\/\/api.w.org\/{rel}","templated":true}]}}