{"id":114,"date":"2025-07-22T16:51:28","date_gmt":"2025-07-22T16:51:28","guid":{"rendered":"https:\/\/premmar.pl\/?page_id=114"},"modified":"2025-09-21T09:07:48","modified_gmt":"2025-09-21T09:07:48","slug":"bramy-foliowe","status":"publish","type":"page","link":"https:\/\/premmar.pl\/de\/bramy-foliowe\/","title":{"rendered":"Bramy foliowe \u2013 szybkie, funkcjonalne i energooszcz\u0119dne rozwi\u0105zanie dla obiekt\u00f3w przemys\u0142owych"},"content":{"rendered":"<p>Dzi\u0119ki lekko\u015bci materia\u0142u bramy foliowe dzia\u0142aj\u0105 cicho, p\u0142ynnie i s\u0105 odporne na uszkodzenia mechaniczne. Mog\u0105 by\u0107 wyposa\u017cone w automatyczne systemy sterowania, a tak\u017ce przystosowane do intensywnego u\u017cytkowania w miejscach o du\u017cym nat\u0119\u017ceniu ruchu pojazd\u00f3w i ludzi.<\/p>\n\n\n\n<div class=\"wp-block-columns is-layout-flex wp-container-core-columns-is-layout-28f84493 wp-block-columns-is-layout-flex\">\n<div class=\"wp-block-column is-layout-flow wp-block-column-is-layout-flow\">\n<figure class=\"wp-block-image size-large\"><img loading=\"lazy\" decoding=\"async\" width=\"1024\" height=\"768\" src=\"https:\/\/premmar.pl\/wp-content\/uploads\/2025\/09\/IMG_20190204_115456-1024x768.jpg\" alt=\"\" class=\"wp-image-500\" srcset=\"https:\/\/premmar.pl\/wp-content\/uploads\/2025\/09\/IMG_20190204_115456-1024x768.jpg 1024w, https:\/\/premmar.pl\/wp-content\/uploads\/2025\/09\/IMG_20190204_115456-300x225.jpg 300w, https:\/\/premmar.pl\/wp-content\/uploads\/2025\/09\/IMG_20190204_115456-768x576.jpg 768w, https:\/\/premmar.pl\/wp-content\/uploads\/2025\/09\/IMG_20190204_115456-50x38.jpg 50w, https:\/\/premmar.pl\/wp-content\/uploads\/2025\/09\/IMG_20190204_115456-1600x1200.jpg 1600w, https:\/\/premmar.pl\/wp-content\/uploads\/2025\/09\/IMG_20190204_115456-1536x1152.jpg 1536w, https:\/\/premmar.pl\/wp-content\/uploads\/2025\/09\/IMG_20190204_115456-2048x1536.jpg 2048w, https:\/\/premmar.pl\/wp-content\/uploads\/2025\/09\/IMG_20190204_115456-16x12.jpg 16w\" sizes=\"auto, (max-width: 1024px) 100vw, 1024px\" \/><\/figure>\n<\/div>\n\n\n\n<div class=\"wp-block-column is-layout-flow wp-block-column-is-layout-flow\">\n<div style=\"height:28px\" aria-hidden=\"true\" class=\"wp-block-spacer\"><\/div>\n\n\n\n<p><strong>Dlaczego warto wybra\u0107 nasze bramy foliowe?<\/strong><\/p>\n\n\n\n<ul class=\"wp-block-list\">\n<li>Szybkie otwieranie i zamykanie minimalizuj\u0105ce straty energii<\/li>\n\n\n\n<li>Trwa\u0142a i odporna na uszkodzenia folia<\/li>\n\n\n\n<li>Ciche i p\u0142ynne dzia\u0142anie<\/li>\n\n\n\n<li>Mo\u017cliwo\u015b\u0107 automatyzacji i sterowania zdalnego<\/li>\n\n\n\n<li>Idealne dla magazyn\u00f3w, hal produkcyjnych i logistycznych<\/li>\n<\/ul>\n\n\n\n<div style=\"height:65px\" aria-hidden=\"true\" class=\"wp-block-spacer\"><\/div>\n\n\n\n<p>Zainwestuj w wygod\u0119, energooszcz\u0119dno\u015b\u0107 i bezpiecze\u0144stwo \u2013 wybierz bramy foliowe dopasowane do potrzeb Twojego obiektu!<\/p>\n\n\n\n<div class=\"wp-block-buttons is-content-justification-center is-layout-flex wp-container-core-buttons-is-layout-098cc607 wp-block-buttons-is-layout-flex\">\n<div class=\"wp-block-button\"><a class=\"wp-block-button__link wp-element-button\">Angebot anfordern<\/a><\/div>\n\n\n\n<div class=\"wp-block-button\"><a class=\"wp-block-button__link wp-element-button\">Zapytaj o pomoc naszego specjalist\u0119!<\/a><\/div>\n<\/div>\n\n\n\n<div class=\"wp-block-buttons is-layout-flex wp-block-buttons-is-layout-flex\"><\/div>\n<\/div>\n<\/div>\n\n\n\n<figure class=\"wp-block-gallery has-nested-images columns-default has-custom-text-background-color has-background wp-block-gallery-1 is-layout-flex wp-block-gallery-is-layout-flex\" style=\"border-style:none;border-width:0px\">\n<figure class=\"wp-block-image size-full\"><img loading=\"lazy\" decoding=\"async\" width=\"1920\" height=\"2560\" data-id=\"524\" src=\"https:\/\/premmar.pl\/wp-content\/uploads\/2025\/09\/SAM_3562-edited-scaled.jpg\" alt=\"\" class=\"wp-image-524\" srcset=\"https:\/\/premmar.pl\/wp-content\/uploads\/2025\/09\/SAM_3562-edited-scaled.jpg 1920w, https:\/\/premmar.pl\/wp-content\/uploads\/2025\/09\/SAM_3562-edited-225x300.jpg 225w, https:\/\/premmar.pl\/wp-content\/uploads\/2025\/09\/SAM_3562-edited-768x1024.jpg 768w, https:\/\/premmar.pl\/wp-content\/uploads\/2025\/09\/SAM_3562-edited-50x67.jpg 50w, https:\/\/premmar.pl\/wp-content\/uploads\/2025\/09\/SAM_3562-edited-1600x2134.jpg 1600w, https:\/\/premmar.pl\/wp-content\/uploads\/2025\/09\/SAM_3562-edited-1152x1536.jpg 1152w, https:\/\/premmar.pl\/wp-content\/uploads\/2025\/09\/SAM_3562-edited-1536x2048.jpg 1536w, https:\/\/premmar.pl\/wp-content\/uploads\/2025\/09\/SAM_3562-edited-9x12.jpg 9w\" sizes=\"auto, (max-width: 1920px) 100vw, 1920px\" \/><\/figure>\n\n\n\n<figure class=\"wp-block-image size-full\"><img loading=\"lazy\" decoding=\"async\" width=\"1920\" height=\"2560\" data-id=\"507\" src=\"https:\/\/premmar.pl\/wp-content\/uploads\/2025\/09\/brama-foliowa-FBR-RD-1-edited-1-scaled.jpg\" alt=\"\" class=\"wp-image-507\" srcset=\"https:\/\/premmar.pl\/wp-content\/uploads\/2025\/09\/brama-foliowa-FBR-RD-1-edited-1-scaled.jpg 1920w, https:\/\/premmar.pl\/wp-content\/uploads\/2025\/09\/brama-foliowa-FBR-RD-1-edited-1-225x300.jpg 225w, https:\/\/premmar.pl\/wp-content\/uploads\/2025\/09\/brama-foliowa-FBR-RD-1-edited-1-768x1024.jpg 768w, https:\/\/premmar.pl\/wp-content\/uploads\/2025\/09\/brama-foliowa-FBR-RD-1-edited-1-50x67.jpg 50w, https:\/\/premmar.pl\/wp-content\/uploads\/2025\/09\/brama-foliowa-FBR-RD-1-edited-1-1600x2133.jpg 1600w, https:\/\/premmar.pl\/wp-content\/uploads\/2025\/09\/brama-foliowa-FBR-RD-1-edited-1-1152x1536.jpg 1152w, https:\/\/premmar.pl\/wp-content\/uploads\/2025\/09\/brama-foliowa-FBR-RD-1-edited-1-1536x2048.jpg 1536w, https:\/\/premmar.pl\/wp-content\/uploads\/2025\/09\/brama-foliowa-FBR-RD-1-edited-1-9x12.jpg 9w\" sizes=\"auto, (max-width: 1920px) 100vw, 1920px\" \/><\/figure>\n<\/figure>\n\n\n\n<p>Zainwestuj w wygod\u0119, energooszcz\u0119dno\u015b\u0107 i bezpiecze\u0144stwo \u2013 wybierz bramy foliowe dopasowane do potrzeb Twojego obiektu!<\/p>","protected":false},"excerpt":{"rendered":"<p>Dzi\u0119ki lekko\u015bci materia\u0142u bramy foliowe dzia\u0142aj\u0105 cicho, p\u0142ynnie i s\u0105 odporne na uszkodzenia mechaniczne. Mog\u0105 by\u0107 wyposa\u017cone w automatyczne systemy sterowania, a tak\u017ce przystosowane do intensywnego u\u017cytkowania w miejscach o du\u017cym nat\u0119\u017ceniu ruchu pojazd\u00f3w i ludzi. Dlaczego warto wybra\u0107 nasze bramy foliowe? Zainwestuj w wygod\u0119, energooszcz\u0119dno\u015b\u0107 i bezpiecze\u0144stwo \u2013 wybierz bramy foliowe dopasowane do potrzeb [&hellip;]<\/p>","protected":false},"author":1,"featured_media":0,"parent":0,"menu_order":0,"comment_status":"closed","ping_status":"closed","template":"","meta":{"_kadence_starter_templates_imported_post":false,"footnotes":""},"class_list":["post-114","page","type-page","status-publish","hentry"],"_links":{"self":[{"href":"https:\/\/premmar.pl\/de\/wp-json\/wp\/v2\/pages\/114","targetHints":{"allow":["GET"]}}],"collection":[{"href":"https:\/\/premmar.pl\/de\/wp-json\/wp\/v2\/pages"}],"about":[{"href":"https:\/\/premmar.pl\/de\/wp-json\/wp\/v2\/types\/page"}],"author":[{"embeddable":true,"href":"https:\/\/premmar.pl\/de\/wp-json\/wp\/v2\/users\/1"}],"replies":[{"embeddable":true,"href":"https:\/\/premmar.pl\/de\/wp-json\/wp\/v2\/comments?post=114"}],"version-history":[{"count":0,"href":"https:\/\/premmar.pl\/de\/wp-json\/wp\/v2\/pages\/114\/revisions"}],"wp:attachment":[{"href":"https:\/\/premmar.pl\/de\/wp-json\/wp\/v2\/media?parent=114"}],"curies":[{"name":"wp","href":"https:\/\/api.w.org\/{rel}","templated":true}]}}